{"id":817,"date":"2024-10-07T08:52:56","date_gmt":"2024-10-07T08:52:56","guid":{"rendered":"https:\/\/rimapdevelopment.com\/home\/"},"modified":"2024-11-21T18:48:56","modified_gmt":"2024-11-21T18:48:56","slug":"home","status":"publish","type":"page","link":"https:\/\/rimapdevelopment.com\/fr\/","title":{"rendered":"Accueil"},"content":{"rendered":"\t\t<div data-elementor-type=\"wp-page\" data-elementor-id=\"817\" class=\"elementor elementor-817 elementor-13\" data-elementor-post-type=\"page\">\n\t\t\t\t<div class=\"elementor-element elementor-element-2e99a48 e-con-full e-flex e-con e-parent\" data-id=\"2e99a48\" data-element_type=\"container\">\n\t\t\t\t<div class=\"elementor-element elementor-element-e77a9d3 elementor--h-position-right elementor--v-position-middle elementor-pagination-position-inside elementor-widget elementor-widget-slides\" data-id=\"e77a9d3\" data-element_type=\"widget\" data-settings=\"{&quot;navigation&quot;:&quot;dots&quot;,&quot;transition&quot;:&quot;fade&quot;,&quot;autoplay&quot;:&quot;yes&quot;,&quot;pause_on_hover&quot;:&quot;yes&quot;,&quot;pause_on_interaction&quot;:&quot;yes&quot;,&quot;autoplay_speed&quot;:5000,&quot;infinite&quot;:&quot;yes&quot;,&quot;transition_speed&quot;:500}\" data-widget_type=\"slides.default\">\n\t\t\t\t<div class=\"elementor-widget-container\">\n\t\t\t\t\t\t\t\t\t<div class=\"elementor-swiper\">\n\t\t\t\t\t<div class=\"elementor-slides-wrapper elementor-main-swiper swiper\" role=\"region\" aria-roledescription=\"carousel\" aria-label=\"Diapositives\" dir=\"ltr\" data-animation=\"\">\n\t\t\t\t<div class=\"swiper-wrapper elementor-slides\">\n\t\t\t\t\t\t\t\t\t\t<div class=\"elementor-repeater-item-d8a6280 swiper-slide\" role=\"group\" aria-roledescription=\"slide\"><div class=\"swiper-slide-bg\" role=\"img\" aria-label=\"rimap-home-slider-1\"><\/div><div class=\"swiper-slide-inner\" ><div class=\"swiper-slide-contents\"><div class=\"elementor-slide-heading\">D\u00e9veloppement Rimap<br> Une entreprise de d\u00e9veloppement offrant des services complets au Qu\u00e9bec et en Ontario<\/h2><\/div><div class=\"elementor-slide-description\"><img decoding=\"async\" src=\"https:\/\/rimapdevelopment.com\/wp-content\/uploads\/2024\/10\/logo.svg\" class=\"slide-logo\"><\/div><a href=\"#\" class=\"elementor-button elementor-slide-button elementor-size-md\">EN SAVOIR PLUS<\/a><\/div><\/div><\/div><div class=\"elementor-repeater-item-113bc5a swiper-slide\" role=\"group\" aria-roledescription=\"slide\"><div class=\"swiper-slide-bg\" role=\"img\" aria-label=\"rimap-home-slider-2\"><\/div><div class=\"swiper-slide-inner\" ><div class=\"swiper-slide-contents\"><div class=\"elementor-slide-heading\">D\u00e9veloppement Rimap<br> Sp\u00e9cialis\u00e9s dans le d\u00e9veloppement de concepts, la gestion des op\u00e9rations et le financement immobilier<\/h2><\/div><div class=\"elementor-slide-description\"><img decoding=\"async\" src=\"https:\/\/rimapdevelopment.com\/wp-content\/uploads\/2024\/10\/logo.svg\" class=\"slide-logo\"><\/div><\/div><\/div><\/div><div class=\"elementor-repeater-item-41ee91e swiper-slide\" role=\"group\" aria-roledescription=\"slide\"><div class=\"swiper-slide-bg\" role=\"img\" aria-label=\"rimap-home-slider-3\"><\/div><div class=\"swiper-slide-inner\" ><div class=\"swiper-slide-contents\"><div class=\"elementor-slide-heading\">D\u00e9veloppement Rimap<br> Fait appel \u00e0 une expertise approfondie afin de r\u00e9aliser des projets de pointe dans les secteurs commerciaux et r\u00e9sidentiels<\/h2><\/div><div class=\"elementor-slide-description\"><img decoding=\"async\" src=\"https:\/\/rimapdevelopment.com\/wp-content\/uploads\/2024\/10\/logo.svg\" class=\"slide-logo\"><\/div><\/div><\/div><\/div>\t\t\t\t<\/div>\n\t\t\t\t\t\t\t\t\t\t\t\t\t\t\t\t\t\t\t\t<div class=\"swiper-pagination\"><\/div>\n\t\t\t\t\t\t\t\t\t\t\t\t<\/div>\n\t\t\t\t<\/div>\n\t\t\t\t\t\t\t\t<\/div>\n\t\t\t\t<\/div>\n\t\t\t\t<\/div>\n\t\t<div class=\"elementor-element elementor-element-d8d6783 e-con-full e-flex e-con e-parent\" data-id=\"d8d6783\" data-element_type=\"container\">\n\t\t<div class=\"elementor-element elementor-element-007b680 e-con-full e-flex e-con e-child\" data-id=\"007b680\" data-element_type=\"container\" data-settings=\"{&quot;background_background&quot;:&quot;classic&quot;}\">\n\t\t\t\t<\/div>\n\t\t<div class=\"elementor-element elementor-element-0097b74 e-con-full e-flex e-con e-child\" data-id=\"0097b74\" data-element_type=\"container\">\n\t\t\t\t<div class=\"elementor-element elementor-element-604f7e9 elementor-widget elementor-widget-heading\" data-id=\"604f7e9\" data-element_type=\"widget\" data-widget_type=\"heading.default\">\n\t\t\t\t<div class=\"elementor-widget-container\">\n\t\t\t\t\t<h2 class=\"elementor-heading-title elementor-size-default\">D\u00e9veloppement Rimap<\/h2>\t\t\t\t<\/div>\n\t\t\t\t<\/div>\n\t\t\t\t<div class=\"elementor-element elementor-element-92a7d02 elementor-widget elementor-widget-text-editor\" data-id=\"92a7d02\" data-element_type=\"widget\" data-widget_type=\"text-editor.default\">\n\t\t\t\t<div class=\"elementor-widget-container\">\n\t\t\t\t\t\t\t\t\t<p>D\u00e9veloppement Rimap est une soci\u00e9t\u00e9 de construction et de gestion immobili\u00e8re qui se concentre sur les secteurs r\u00e9sidentiels et commerciaux. Nous surveillons continuellement le march\u00e9 \u00e0 la recherche d\u2019expansions futures, de partenaires \u00e0 long terme et d\u2019investissements solides. Notre expertise est acquise par l\u2019exp\u00e9rience et nous permet de cr\u00e9er des projets durables et distincts au Canada.<\/p>\t\t\t\t\t\t\t\t<\/div>\n\t\t\t\t<\/div>\n\t\t\t\t<\/div>\n\t\t\t\t<\/div>\n\t\t\t\t<\/div>\n\t\t","protected":false},"excerpt":{"rendered":"<p>D\u00e9veloppement Rimap Une entreprise de d\u00e9veloppement offrant des services complets au Qu\u00e9bec et en Ontario EN SAVOIR PLUSD\u00e9veloppement Rimap Sp\u00e9cialis\u00e9s dans le d\u00e9veloppement de concepts, la gestion des op\u00e9rations et le financement immobilier D\u00e9veloppement Rimap Fait appel \u00e0 une expertise approfondie afin de r\u00e9aliser des projets de pointe dans les secteurs commerciaux et r\u00e9sidentiels D\u00e9veloppement [&hellip;]<\/p>\n","protected":false},"author":2,"featured_media":0,"parent":0,"menu_order":0,"comment_status":"closed","ping_status":"closed","template":"elementor_header_footer","meta":{"_acf_changed":false,"footnotes":""},"class_list":["post-817","page","type-page","status-publish","hentry"],"acf":[],"_links":{"self":[{"href":"https:\/\/rimapdevelopment.com\/fr\/wp-json\/wp\/v2\/pages\/817","targetHints":{"allow":["GET"]}}],"collection":[{"href":"https:\/\/rimapdevelopment.com\/fr\/wp-json\/wp\/v2\/pages"}],"about":[{"href":"https:\/\/rimapdevelopment.com\/fr\/wp-json\/wp\/v2\/types\/page"}],"author":[{"embeddable":true,"href":"https:\/\/rimapdevelopment.com\/fr\/wp-json\/wp\/v2\/users\/2"}],"replies":[{"embeddable":true,"href":"https:\/\/rimapdevelopment.com\/fr\/wp-json\/wp\/v2\/comments?post=817"}],"version-history":[{"count":11,"href":"https:\/\/rimapdevelopment.com\/fr\/wp-json\/wp\/v2\/pages\/817\/revisions"}],"predecessor-version":[{"id":829,"href":"https:\/\/rimapdevelopment.com\/fr\/wp-json\/wp\/v2\/pages\/817\/revisions\/829"}],"wp:attachment":[{"href":"https:\/\/rimapdevelopment.com\/fr\/wp-json\/wp\/v2\/media?parent=817"}],"curies":[{"name":"wp","href":"https:\/\/api.w.org\/{rel}","templated":true}]}}