{"id":833,"date":"2024-10-07T12:26:07","date_gmt":"2024-10-07T12:26:07","guid":{"rendered":"https:\/\/rimapdevelopment.com\/about-us\/"},"modified":"2024-11-21T19:01:12","modified_gmt":"2024-11-21T19:01:12","slug":"a-propos","status":"publish","type":"page","link":"https:\/\/rimapdevelopment.com\/fr\/a-propos\/","title":{"rendered":"\u00c0 Propos"},"content":{"rendered":"\t\t<div data-elementor-type=\"wp-page\" data-elementor-id=\"833\" class=\"elementor elementor-833 elementor-183\" data-elementor-post-type=\"page\">\n\t\t\t\t<div class=\"elementor-element elementor-element-7df60e2 e-flex e-con-boxed e-con e-parent\" data-id=\"7df60e2\" data-element_type=\"container\" data-settings=\"{&quot;background_background&quot;:&quot;classic&quot;}\">\n\t\t\t\t\t<div class=\"e-con-inner\">\n\t\t<div class=\"elementor-element elementor-element-ffdf732 e-con-full e-flex e-con e-child\" data-id=\"ffdf732\" data-element_type=\"container\">\n\t\t\t\t<div class=\"elementor-element elementor-element-d9dc341 elementor-widget elementor-widget-heading\" data-id=\"d9dc341\" data-element_type=\"widget\" data-widget_type=\"heading.default\">\n\t\t\t\t<div class=\"elementor-widget-container\">\n\t\t\t\t\t<h2 class=\"elementor-heading-title elementor-size-default\">\u00c0 Propos<\/h2>\t\t\t\t<\/div>\n\t\t\t\t<\/div>\n\t\t\t\t<div class=\"elementor-element elementor-element-550b8ac elementor-widget elementor-widget-heading\" data-id=\"550b8ac\" data-element_type=\"widget\" data-widget_type=\"heading.default\">\n\t\t\t\t<div class=\"elementor-widget-container\">\n\t\t\t\t\t<h2 class=\"elementor-heading-title elementor-size-default\">Pour en savoir plus sur notre entreprise<\/h2>\t\t\t\t<\/div>\n\t\t\t\t<\/div>\n\t\t\t\t<\/div>\n\t\t<div class=\"elementor-element elementor-element-dc01af5 e-con-full e-flex e-con e-child\" data-id=\"dc01af5\" data-element_type=\"container\">\n\t\t\t\t<div class=\"elementor-element elementor-element-7a3e2dd elementor-icon-list--layout-inline elementor-align-right elementor-list-item-link-full_width elementor-widget elementor-widget-icon-list\" data-id=\"7a3e2dd\" data-element_type=\"widget\" data-widget_type=\"icon-list.default\">\n\t\t\t\t<div class=\"elementor-widget-container\">\n\t\t\t\t\t\t\t<ul class=\"elementor-icon-list-items elementor-inline-items\">\n\t\t\t\t\t\t\t<li class=\"elementor-icon-list-item elementor-inline-item\">\n\t\t\t\t\t\t\t\t\t\t\t<a href=\"https:\/\/rimapdevelopment.com\/fr\/\">\n\n\t\t\t\t\t\t\t\t\t\t\t<span class=\"elementor-icon-list-text\">Accueil<\/span>\n\t\t\t\t\t\t\t\t\t\t\t<\/a>\n\t\t\t\t\t\t\t\t\t<\/li>\n\t\t\t\t\t\t\t\t<li class=\"elementor-icon-list-item elementor-inline-item\">\n\t\t\t\t\t\t\t\t\t\t\t<a href=\"https:\/\/rimapdevelopment.com\/fr\/a-propos\">\n\n\t\t\t\t\t\t\t\t\t\t\t<span class=\"elementor-icon-list-text\">\u00c0 Propos<\/span>\n\t\t\t\t\t\t\t\t\t\t\t<\/a>\n\t\t\t\t\t\t\t\t\t<\/li>\n\t\t\t\t\t\t<\/ul>\n\t\t\t\t\t\t<\/div>\n\t\t\t\t<\/div>\n\t\t\t\t<\/div>\n\t\t\t\t\t<\/div>\n\t\t\t\t<\/div>\n\t\t<div class=\"elementor-element elementor-element-6b03e74 e-flex e-con-boxed e-con e-parent\" data-id=\"6b03e74\" data-element_type=\"container\">\n\t\t\t\t\t<div class=\"e-con-inner\">\n\t\t<div class=\"elementor-element elementor-element-2d0a3a4 e-con-full e-flex e-con e-child\" data-id=\"2d0a3a4\" data-element_type=\"container\">\n\t\t<div class=\"elementor-element elementor-element-7d3230f e-con-full e-flex e-con e-child\" data-id=\"7d3230f\" data-element_type=\"container\">\n\t\t\t\t<div class=\"elementor-element elementor-element-46cb000 elementor-view-stacked elementor-shape-square elementor-position-left elementor-mobile-position-top elementor-widget elementor-widget-icon-box\" data-id=\"46cb000\" data-element_type=\"widget\" data-widget_type=\"icon-box.default\">\n\t\t\t\t<div class=\"elementor-widget-container\">\n\t\t\t\t\t\t\t<div class=\"elementor-icon-box-wrapper\">\n\n\t\t\t\t\t\t<div class=\"elementor-icon-box-icon\">\n\t\t\t\t<span  class=\"elementor-icon\">\n\t\t\t\t<svg aria-hidden=\"true\" class=\"e-font-icon-svg e-fas-map-marker-alt\" viewBox=\"0 0 384 512\" xmlns=\"http:\/\/www.w3.org\/2000\/svg\"><path d=\"M172.268 501.67C26.97 291.031 0 269.413 0 192 0 85.961 85.961 0 192 0s192 85.961 192 192c0 77.413-26.97 99.031-172.268 309.67-9.535 13.774-29.93 13.773-39.464 0zM192 272c44.183 0 80-35.817 80-80s-35.817-80-80-80-80 35.817-80 80 35.817 80 80 80z\"><\/path><\/svg>\t\t\t\t<\/span>\n\t\t\t<\/div>\n\t\t\t\n\t\t\t\t\t\t<div class=\"elementor-icon-box-content\">\n\n\t\t\t\t\t\t\t\t\t<span class=\"elementor-icon-box-title\">\n\t\t\t\t\t\t<span  >\n\t\t\t\t\t\t\tD\u00e9veloppement Rimap est une soci\u00e9t\u00e9 de gestion immobili\u00e8re dynamique \u00e9tablie \u00e0 Montr\u00e9al, qui exerce ses activit\u00e9s au Qu\u00e9bec et en Ontario.\t\t\t\t\t\t<\/span>\n\t\t\t\t\t<\/span>\n\t\t\t\t\n\t\t\t\t\n\t\t\t<\/div>\n\t\t\t\n\t\t<\/div>\n\t\t\t\t\t\t<\/div>\n\t\t\t\t<\/div>\n\t\t\t\t<\/div>\n\t\t<div class=\"elementor-element elementor-element-4886e9f e-con-full e-flex e-con e-child\" data-id=\"4886e9f\" data-element_type=\"container\">\n\t\t\t\t<div class=\"elementor-element elementor-element-5be135d elementor-view-stacked elementor-shape-square elementor-position-left elementor-mobile-position-top elementor-widget elementor-widget-icon-box\" data-id=\"5be135d\" data-element_type=\"widget\" data-widget_type=\"icon-box.default\">\n\t\t\t\t<div class=\"elementor-widget-container\">\n\t\t\t\t\t\t\t<div class=\"elementor-icon-box-wrapper\">\n\n\t\t\t\t\t\t<div class=\"elementor-icon-box-icon\">\n\t\t\t\t<span  class=\"elementor-icon\">\n\t\t\t\t<svg aria-hidden=\"true\" class=\"e-font-icon-svg e-far-object-ungroup\" viewBox=\"0 0 576 512\" xmlns=\"http:\/\/www.w3.org\/2000\/svg\"><path d=\"M564 224c6.627 0 12-5.373 12-12v-72c0-6.627-5.373-12-12-12h-72c-6.627 0-12 5.373-12 12v12h-88v-24h12c6.627 0 12-5.373 12-12V44c0-6.627-5.373-12-12-12h-72c-6.627 0-12 5.373-12 12v12H96V44c0-6.627-5.373-12-12-12H12C5.373 32 0 37.373 0 44v72c0 6.627 5.373 12 12 12h12v160H12c-6.627 0-12 5.373-12 12v72c0 6.627 5.373 12 12 12h72c6.627 0 12-5.373 12-12v-12h88v24h-12c-6.627 0-12 5.373-12 12v72c0 6.627 5.373 12 12 12h72c6.627 0 12-5.373 12-12v-12h224v12c0 6.627 5.373 12 12 12h72c6.627 0 12-5.373 12-12v-72c0-6.627-5.373-12-12-12h-12V224h12zM352 64h32v32h-32V64zm0 256h32v32h-32v-32zM64 352H32v-32h32v32zm0-256H32V64h32v32zm32 216v-12c0-6.627-5.373-12-12-12H72V128h12c6.627 0 12-5.373 12-12v-12h224v12c0 6.627 5.373 12 12 12h12v160h-12c-6.627 0-12 5.373-12 12v12H96zm128 136h-32v-32h32v32zm280-64h-12c-6.627 0-12 5.373-12 12v12H256v-12c0-6.627-5.373-12-12-12h-12v-24h88v12c0 6.627 5.373 12 12 12h72c6.627 0 12-5.373 12-12v-72c0-6.627-5.373-12-12-12h-12v-88h88v12c0 6.627 5.373 12 12 12h12v160zm40 64h-32v-32h32v32zm0-256h-32v-32h32v32z\"><\/path><\/svg>\t\t\t\t<\/span>\n\t\t\t<\/div>\n\t\t\t\n\t\t\t\t\t\t<div class=\"elementor-icon-box-content\">\n\n\t\t\t\t\t\t\t\t\t<span class=\"elementor-icon-box-title\">\n\t\t\t\t\t\t<span  >\n\t\t\t\t\t\t\tD\u00e9veloppement Rimap vise \u00e0 maintenir un portefeuille diversifi\u00e9 en supervisant la conception de divers types de projets, qu\u2019ils soient commerciaux ou r\u00e9sidentiels.\t\t\t\t\t\t<\/span>\n\t\t\t\t\t<\/span>\n\t\t\t\t\n\t\t\t\t\n\t\t\t<\/div>\n\t\t\t\n\t\t<\/div>\n\t\t\t\t\t\t<\/div>\n\t\t\t\t<\/div>\n\t\t\t\t<\/div>\n\t\t<div class=\"elementor-element elementor-element-4f5fea9 e-con-full e-flex e-con e-child\" data-id=\"4f5fea9\" data-element_type=\"container\">\n\t\t\t\t<div class=\"elementor-element elementor-element-bad3940 elementor-view-stacked elementor-shape-square elementor-position-left elementor-mobile-position-top elementor-widget elementor-widget-icon-box\" data-id=\"bad3940\" data-element_type=\"widget\" data-widget_type=\"icon-box.default\">\n\t\t\t\t<div class=\"elementor-widget-container\">\n\t\t\t\t\t\t\t<div class=\"elementor-icon-box-wrapper\">\n\n\t\t\t\t\t\t<div class=\"elementor-icon-box-icon\">\n\t\t\t\t<span  class=\"elementor-icon\">\n\t\t\t\t<svg aria-hidden=\"true\" class=\"e-font-icon-svg e-fas-chart-bar\" viewBox=\"0 0 512 512\" xmlns=\"http:\/\/www.w3.org\/2000\/svg\"><path d=\"M332.8 320h38.4c6.4 0 12.8-6.4 12.8-12.8V172.8c0-6.4-6.4-12.8-12.8-12.8h-38.4c-6.4 0-12.8 6.4-12.8 12.8v134.4c0 6.4 6.4 12.8 12.8 12.8zm96 0h38.4c6.4 0 12.8-6.4 12.8-12.8V76.8c0-6.4-6.4-12.8-12.8-12.8h-38.4c-6.4 0-12.8 6.4-12.8 12.8v230.4c0 6.4 6.4 12.8 12.8 12.8zm-288 0h38.4c6.4 0 12.8-6.4 12.8-12.8v-70.4c0-6.4-6.4-12.8-12.8-12.8h-38.4c-6.4 0-12.8 6.4-12.8 12.8v70.4c0 6.4 6.4 12.8 12.8 12.8zm96 0h38.4c6.4 0 12.8-6.4 12.8-12.8V108.8c0-6.4-6.4-12.8-12.8-12.8h-38.4c-6.4 0-12.8 6.4-12.8 12.8v198.4c0 6.4 6.4 12.8 12.8 12.8zM496 384H64V80c0-8.84-7.16-16-16-16H16C7.16 64 0 71.16 0 80v336c0 17.67 14.33 32 32 32h464c8.84 0 16-7.16 16-16v-32c0-8.84-7.16-16-16-16z\"><\/path><\/svg>\t\t\t\t<\/span>\n\t\t\t<\/div>\n\t\t\t\n\t\t\t\t\t\t<div class=\"elementor-icon-box-content\">\n\n\t\t\t\t\t\t\t\t\t<span class=\"elementor-icon-box-title\">\n\t\t\t\t\t\t<span  >\n\t\t\t\t\t\t\tUne sp\u00e9cialisation en gestion de revenus et en d\u00e9veloppement conceptuel assure que les budgets et les dates limite soient respect\u00e9.\t\t\t\t\t\t<\/span>\n\t\t\t\t\t<\/span>\n\t\t\t\t\n\t\t\t\t\n\t\t\t<\/div>\n\t\t\t\n\t\t<\/div>\n\t\t\t\t\t\t<\/div>\n\t\t\t\t<\/div>\n\t\t\t\t<\/div>\n\t\t\t\t<\/div>\n\t\t<div class=\"elementor-element elementor-element-198f3e5 e-con-full e-flex e-con e-child\" data-id=\"198f3e5\" data-element_type=\"container\">\n\t\t<div class=\"elementor-element elementor-element-54d93e7 e-con-full e-flex e-con e-child\" data-id=\"54d93e7\" data-element_type=\"container\">\n\t\t\t\t<div class=\"elementor-element elementor-element-e1233b5 elementor-view-stacked elementor-shape-square elementor-position-left elementor-mobile-position-top elementor-widget elementor-widget-icon-box\" data-id=\"e1233b5\" data-element_type=\"widget\" data-widget_type=\"icon-box.default\">\n\t\t\t\t<div class=\"elementor-widget-container\">\n\t\t\t\t\t\t\t<div class=\"elementor-icon-box-wrapper\">\n\n\t\t\t\t\t\t<div class=\"elementor-icon-box-icon\">\n\t\t\t\t<span  class=\"elementor-icon\">\n\t\t\t\t<svg aria-hidden=\"true\" class=\"e-font-icon-svg e-fas-ruler-horizontal\" viewBox=\"0 0 576 512\" xmlns=\"http:\/\/www.w3.org\/2000\/svg\"><path d=\"M544 128h-48v88c0 4.42-3.58 8-8 8h-16c-4.42 0-8-3.58-8-8v-88h-64v88c0 4.42-3.58 8-8 8h-16c-4.42 0-8-3.58-8-8v-88h-64v88c0 4.42-3.58 8-8 8h-16c-4.42 0-8-3.58-8-8v-88h-64v88c0 4.42-3.58 8-8 8h-16c-4.42 0-8-3.58-8-8v-88h-64v88c0 4.42-3.58 8-8 8H88c-4.42 0-8-3.58-8-8v-88H32c-17.67 0-32 14.33-32 32v192c0 17.67 14.33 32 32 32h512c17.67 0 32-14.33 32-32V160c0-17.67-14.33-32-32-32z\"><\/path><\/svg>\t\t\t\t<\/span>\n\t\t\t<\/div>\n\t\t\t\n\t\t\t\t\t\t<div class=\"elementor-icon-box-content\">\n\n\t\t\t\t\t\t\t\t\t<span class=\"elementor-icon-box-title\">\n\t\t\t\t\t\t<span  >\n\t\t\t\t\t\t\tD\u00e9veloppement Rimap est fi\u00e8re de livrer chaque projet avec un haut niveau de qualit\u00e9 et de durabilit\u00e9 commune parmi les nombreux b\u00e2timents de son portfolio.\t\t\t\t\t\t<\/span>\n\t\t\t\t\t<\/span>\n\t\t\t\t\n\t\t\t\t\n\t\t\t<\/div>\n\t\t\t\n\t\t<\/div>\n\t\t\t\t\t\t<\/div>\n\t\t\t\t<\/div>\n\t\t\t\t<\/div>\n\t\t<div class=\"elementor-element elementor-element-478a865 e-con-full e-flex e-con e-child\" data-id=\"478a865\" data-element_type=\"container\">\n\t\t\t\t<div class=\"elementor-element elementor-element-ad0c239 elementor-view-stacked elementor-shape-square elementor-position-left elementor-mobile-position-top elementor-widget elementor-widget-icon-box\" data-id=\"ad0c239\" data-element_type=\"widget\" data-widget_type=\"icon-box.default\">\n\t\t\t\t<div class=\"elementor-widget-container\">\n\t\t\t\t\t\t\t<div class=\"elementor-icon-box-wrapper\">\n\n\t\t\t\t\t\t<div class=\"elementor-icon-box-icon\">\n\t\t\t\t<span  class=\"elementor-icon\">\n\t\t\t\t<svg aria-hidden=\"true\" class=\"e-font-icon-svg e-fas-edit\" viewBox=\"0 0 576 512\" xmlns=\"http:\/\/www.w3.org\/2000\/svg\"><path d=\"M402.6 83.2l90.2 90.2c3.8 3.8 3.8 10 0 13.8L274.4 405.6l-92.8 10.3c-12.4 1.4-22.9-9.1-21.5-21.5l10.3-92.8L388.8 83.2c3.8-3.8 10-3.8 13.8 0zm162-22.9l-48.8-48.8c-15.2-15.2-39.9-15.2-55.2 0l-35.4 35.4c-3.8 3.8-3.8 10 0 13.8l90.2 90.2c3.8 3.8 10 3.8 13.8 0l35.4-35.4c15.2-15.3 15.2-40 0-55.2zM384 346.2V448H64V128h229.8c3.2 0 6.2-1.3 8.5-3.5l40-40c7.6-7.6 2.2-20.5-8.5-20.5H48C21.5 64 0 85.5 0 112v352c0 26.5 21.5 48 48 48h352c26.5 0 48-21.5 48-48V306.2c0-10.7-12.9-16-20.5-8.5l-40 40c-2.2 2.3-3.5 5.3-3.5 8.5z\"><\/path><\/svg>\t\t\t\t<\/span>\n\t\t\t<\/div>\n\t\t\t\n\t\t\t\t\t\t<div class=\"elementor-icon-box-content\">\n\n\t\t\t\t\t\t\t\t\t<span class=\"elementor-icon-box-title\">\n\t\t\t\t\t\t<span  >\n\t\t\t\t\t\t\tLa fiabilit\u00e9, l\u2019engagement et le d\u00e9vouement sont des valeurs qui permettent \u00e0 D\u00e9veloppement Rimap de se lancer dans des projets ambitieux tout en maintenant des relations honn\u00eates avec leurs clients.\t\t\t\t\t\t<\/span>\n\t\t\t\t\t<\/span>\n\t\t\t\t\n\t\t\t\t\n\t\t\t<\/div>\n\t\t\t\n\t\t<\/div>\n\t\t\t\t\t\t<\/div>\n\t\t\t\t<\/div>\n\t\t\t\t<\/div>\n\t\t<div class=\"elementor-element elementor-element-5d8c314 e-con-full e-flex e-con e-child\" data-id=\"5d8c314\" data-element_type=\"container\">\n\t\t\t\t<div class=\"elementor-element elementor-element-db2be23 elementor-view-stacked elementor-shape-square elementor-position-left elementor-mobile-position-top elementor-widget elementor-widget-icon-box\" data-id=\"db2be23\" data-element_type=\"widget\" data-widget_type=\"icon-box.default\">\n\t\t\t\t<div class=\"elementor-widget-container\">\n\t\t\t\t\t\t\t<div class=\"elementor-icon-box-wrapper\">\n\n\t\t\t\t\t\t<div class=\"elementor-icon-box-icon\">\n\t\t\t\t<span  class=\"elementor-icon\">\n\t\t\t\t<svg aria-hidden=\"true\" class=\"e-font-icon-svg e-fas-warehouse\" viewBox=\"0 0 640 512\" xmlns=\"http:\/\/www.w3.org\/2000\/svg\"><path d=\"M504 352H136.4c-4.4 0-8 3.6-8 8l-.1 48c0 4.4 3.6 8 8 8H504c4.4 0 8-3.6 8-8v-48c0-4.4-3.6-8-8-8zm0 96H136.1c-4.4 0-8 3.6-8 8l-.1 48c0 4.4 3.6 8 8 8h368c4.4 0 8-3.6 8-8v-48c0-4.4-3.6-8-8-8zm0-192H136.6c-4.4 0-8 3.6-8 8l-.1 48c0 4.4 3.6 8 8 8H504c4.4 0 8-3.6 8-8v-48c0-4.4-3.6-8-8-8zm106.5-139L338.4 3.7a48.15 48.15 0 0 0-36.9 0L29.5 117C11.7 124.5 0 141.9 0 161.3V504c0 4.4 3.6 8 8 8h80c4.4 0 8-3.6 8-8V256c0-17.6 14.6-32 32.6-32h382.8c18 0 32.6 14.4 32.6 32v248c0 4.4 3.6 8 8 8h80c4.4 0 8-3.6 8-8V161.3c0-19.4-11.7-36.8-29.5-44.3z\"><\/path><\/svg>\t\t\t\t<\/span>\n\t\t\t<\/div>\n\t\t\t\n\t\t\t\t\t\t<div class=\"elementor-icon-box-content\">\n\n\t\t\t\t\t\t\t\t\t<span class=\"elementor-icon-box-title\">\n\t\t\t\t\t\t<span  >\n\t\t\t\t\t\t\tUne \u00e9quipe d\u00e9vou\u00e9e d\u2019ing\u00e9nieurs, de techniciens et de professionnels travaille main dans la main pour assurer le d\u00e9veloppement sans faille de chaque projet du d\u00e9but \u00e0 la fin.\t\t\t\t\t\t<\/span>\n\t\t\t\t\t<\/span>\n\t\t\t\t\n\t\t\t\t\n\t\t\t<\/div>\n\t\t\t\n\t\t<\/div>\n\t\t\t\t\t\t<\/div>\n\t\t\t\t<\/div>\n\t\t\t\t<\/div>\n\t\t\t\t<\/div>\n\t\t\t\t\t<\/div>\n\t\t\t\t<\/div>\n\t\t\t\t<\/div>\n\t\t","protected":false},"excerpt":{"rendered":"<p>\u00c0 Propos Pour en savoir plus sur notre entreprise Accueil \u00c0 Propos D\u00e9veloppement Rimap est une soci\u00e9t\u00e9 de gestion immobili\u00e8re dynamique \u00e9tablie \u00e0 Montr\u00e9al, qui exerce ses activit\u00e9s au Qu\u00e9bec et en Ontario. D\u00e9veloppement Rimap vise \u00e0 maintenir un portefeuille diversifi\u00e9 en supervisant la conception de divers types de projets, qu\u2019ils soient commerciaux ou r\u00e9sidentiels. [&hellip;]<\/p>\n","protected":false},"author":2,"featured_media":0,"parent":0,"menu_order":0,"comment_status":"closed","ping_status":"closed","template":"elementor_header_footer","meta":{"_acf_changed":false,"footnotes":""},"class_list":["post-833","page","type-page","status-publish","hentry"],"acf":[],"_links":{"self":[{"href":"https:\/\/rimapdevelopment.com\/fr\/wp-json\/wp\/v2\/pages\/833","targetHints":{"allow":["GET"]}}],"collection":[{"href":"https:\/\/rimapdevelopment.com\/fr\/wp-json\/wp\/v2\/pages"}],"about":[{"href":"https:\/\/rimapdevelopment.com\/fr\/wp-json\/wp\/v2\/types\/page"}],"author":[{"embeddable":true,"href":"https:\/\/rimapdevelopment.com\/fr\/wp-json\/wp\/v2\/users\/2"}],"replies":[{"embeddable":true,"href":"https:\/\/rimapdevelopment.com\/fr\/wp-json\/wp\/v2\/comments?post=833"}],"version-history":[{"count":7,"href":"https:\/\/rimapdevelopment.com\/fr\/wp-json\/wp\/v2\/pages\/833\/revisions"}],"predecessor-version":[{"id":841,"href":"https:\/\/rimapdevelopment.com\/fr\/wp-json\/wp\/v2\/pages\/833\/revisions\/841"}],"wp:attachment":[{"href":"https:\/\/rimapdevelopment.com\/fr\/wp-json\/wp\/v2\/media?parent=833"}],"curies":[{"name":"wp","href":"https:\/\/api.w.org\/{rel}","templated":true}]}}